{"id":2,"date":"2019-11-14T22:07:26","date_gmt":"2019-11-15T01:07:26","guid":{"rendered":"http:\/\/aldeiasinstitute.net\/2020\/?page_id=2"},"modified":"2022-02-13T09:25:46","modified_gmt":"2022-02-13T12:25:46","slug":"bem-vindo","status":"publish","type":"page","link":"https:\/\/aldeiasinstitute.net\/2020\/","title":{"rendered":"Bem vindo!"},"content":{"rendered":"<p>[et_pb_section fb_built=&#8221;1&#8243; prev_background_color=&#8221;#ffffff&#8221; next_background_color=&#8221;#ffffff&#8221; _builder_version=&#8221;4.13.1&#8243; background_color=&#8221;rgba(255,255,255,0.66)&#8221; background_image=&#8221;http:\/\/aldeiasinstitute.net\/2020\/wp-content\/uploads\/IMG_0064-1-scaled.jpg&#8221; parallax=&#8221;on&#8221; top_divider_style=&#8221;asymmetric4&#8243; top_divider_flip=&#8221;vertical&#8221; bottom_divider_style=&#8221;arrow&#8221; bottom_divider_height=&#8221;10px&#8221; bottom_divider_repeat=&#8221;40x&#8221; global_colors_info=&#8221;{}&#8221;][et_pb_row column_structure=&#8221;2_3,1_3&#8243; make_equal=&#8221;on&#8221; _builder_version=&#8221;4.13.1&#8243; _module_preset=&#8221;default&#8221; background_color=&#8221;rgba(255,255,255,0.75)&#8221; custom_padding=&#8221;40px|40px|40px|40px|true|true&#8221; border_radii=&#8221;off|40px||40px|&#8221; box_shadow_style=&#8221;preset3&#8243; global_colors_info=&#8221;{}&#8221;][et_pb_column type=&#8221;2_3&#8243; _builder_version=&#8221;4.13.1&#8243; _module_preset=&#8221;default&#8221; global_colors_info=&#8221;{}&#8221;][et_pb_text _builder_version=&#8221;4.13.1&#8243; _module_preset=&#8221;default&#8221; global_colors_info=&#8221;{}&#8221;]<\/p>\n<h3>\nBem-vindo ao Instituto Aldeias!<br \/>\n<\/h3>\n<p>\nEste \u00e9 um espa\u00e7o de cria\u00e7\u00e3o e inova\u00e7\u00e3o a servi\u00e7o da humanidade, que valoriza, resgata e protege as tradi\u00e7\u00f5es e culturas dos povos origin\u00e1rios e seus saberes ancestrais, promovendo os direitos humanos, da M\u00e3e Terra, dos animais,\u00a0dos quilombolas, dos \u00edndios, das mulheres, dos negros, das minorias LGBTQIA+, das crian\u00e7as, dos jovens, dos idosos e dos portadores de necessidades especiais.<\/p>\n<p>[\/et_pb_text][\/et_pb_column][et_pb_column type=&#8221;1_3&#8243; _builder_version=&#8221;4.13.1&#8243; _module_preset=&#8221;default&#8221; global_colors_info=&#8221;{}&#8221;][et_pb_image src=&#8221;http:\/\/aldeiasinstitute.net\/2020\/wp-content\/uploads\/2019\/11\/logo_aldeias_alpha.png&#8221; title_text=&#8221;logo_aldeias_alpha&#8221; _builder_version=&#8221;4.13.1&#8243; _module_preset=&#8221;default&#8221; global_colors_info=&#8221;{}&#8221;][\/et_pb_image][et_pb_text _builder_version=&#8221;4.13.1&#8243; _module_preset=&#8221;default&#8221; text_text_color=&#8221;#757575&#8243; text_font_size=&#8221;18px&#8221; text_letter_spacing=&#8221;5px&#8221; custom_margin=&#8221;||||false|false&#8221; custom_padding=&#8221;||||false|false&#8221; global_colors_info=&#8221;{}&#8221;]<\/p>\n<p style=\"text-align: center;\">aldeiasinstitute.net<\/p>\n<p>[\/et_pb_text][\/et_pb_column][\/et_pb_row][\/et_pb_section][et_pb_section fb_built=&#8221;1&#8243; _builder_version=&#8221;4.13.1&#8243; box_shadow_style=&#8221;preset2&#8243; box_shadow_vertical=&#8221;10px&#8221; box_shadow_blur=&#8221;20px&#8221; box_shadow_spread=&#8221;-9px&#8221; global_colors_info=&#8221;{}&#8221;][et_pb_row column_structure=&#8221;1_5,3_5,1_5&#8243; _builder_version=&#8221;4.0.5&#8243; global_colors_info=&#8221;{}&#8221;][et_pb_column type=&#8221;1_5&#8243; _builder_version=&#8221;4.0.5&#8243; global_colors_info=&#8221;{}&#8221;][\/et_pb_column][et_pb_column type=&#8221;3_5&#8243; _builder_version=&#8221;4.0.5&#8243; global_colors_info=&#8221;{}&#8221;][et_pb_text _builder_version=&#8221;4.0.5&#8243; global_colors_info=&#8221;{}&#8221;]<\/p>\n<p>O Instituto Aldeias tem uma importante miss\u00e3o a cumprir e est\u00e1 sintonizado com os princ\u00edpios estabelecidos no documento Carta da Terra, que celebra 20 anos de exist\u00eancia. Neste momento de transi\u00e7\u00e3o planet\u00e1ria, em que a humanidade enfrenta uma grave pandemia, outros problemas s\u00e3o iminentes, como a invas\u00e3o de terras ind\u00edgenas e devasta\u00e7\u00e3o do Bioma Cerrado, onde estamos inseridos.<\/p>\n<p>[\/et_pb_text][\/et_pb_column][et_pb_column type=&#8221;1_5&#8243; _builder_version=&#8221;4.0.5&#8243; global_colors_info=&#8221;{}&#8221;][\/et_pb_column][\/et_pb_row][et_pb_row _builder_version=&#8221;4.13.1&#8243; _module_preset=&#8221;default&#8221; global_colors_info=&#8221;{}&#8221;][et_pb_column type=&#8221;4_4&#8243; _builder_version=&#8221;4.13.1&#8243; _module_preset=&#8221;default&#8221; global_colors_info=&#8221;{}&#8221;][et_pb_image src=&#8221;http:\/\/aldeiasinstitute.net\/2020\/wp-content\/uploads\/Flyer-aldeias-colabore-v4d.jpg&#8221; title_text=&#8221;Flyer aldeias colabore v4d&#8221; _builder_version=&#8221;4.13.1&#8243; _module_preset=&#8221;default&#8221; hover_enabled=&#8221;0&#8243; global_colors_info=&#8221;{}&#8221; url=&#8221;https:\/\/aldeiasinstitute.net\/2020\/seja-um-contribuinte-regular-e-participe-do-instituto-aldeias\/&#8221; sticky_enabled=&#8221;0&#8243;][\/et_pb_image][\/et_pb_column][\/et_pb_row][\/et_pb_section][et_pb_section fb_built=&#8221;1&#8243; _builder_version=&#8221;4.13.1&#8243; background_image=&#8221;http:\/\/aldeiasinstitute.net\/2020\/wp-content\/uploads\/interlaced.png&#8221; background_size=&#8221;initial&#8221; background_repeat=&#8221;repeat&#8221; min_height=&#8221;553.4px&#8221; custom_padding=&#8221;40px||20px||false|false&#8221; top_divider_style=&#8221;arrow&#8221; top_divider_color=&#8221;#ffffff&#8221; top_divider_height=&#8221;10px&#8221; top_divider_repeat=&#8221;40x&#8221; top_divider_arrangement=&#8221;above_content&#8221; global_colors_info=&#8221;{}&#8221;][et_pb_row column_structure=&#8221;1_2,1_2&#8243; _builder_version=&#8221;4.0.5&#8243; global_colors_info=&#8221;{}&#8221;][et_pb_column type=&#8221;1_2&#8243; _builder_version=&#8221;4.0.5&#8243; global_colors_info=&#8221;{}&#8221;][et_pb_post_slider posts_number=&#8221;99&#8243; include_categories=&#8221;all&#8221; more_text=&#8221;saiba mais sobre&#8230;&#8221; show_meta=&#8221;off&#8221; use_bg_overlay=&#8221;off&#8221; use_text_overlay=&#8221;on&#8221; text_overlay_color=&#8221;rgba(0,0,0,0.67)&#8221; text_border_radius=&#8221;13px&#8221; dot_nav_custom_color=&#8221;#ffffff&#8221; _builder_version=&#8221;4.13.1&#8243; background_color=&#8221;#ffffff&#8221; custom_button=&#8221;on&#8221; button_text_size=&#8221;25px&#8221; button_bg_color=&#8221;rgba(2,2,2,0.66)&#8221; button_border_color=&#8221;RGBA(0,0,0,0)&#8221; button_border_radius=&#8221;12px&#8221; button_letter_spacing=&#8221;3px&#8221; button_use_icon=&#8221;off&#8221; auto=&#8221;on&#8221; border_radii=&#8221;on|20px|20px|20px|20px&#8221; border_color_all=&#8221;#edf000&#8243; border_style_all_image=&#8221;none&#8221; global_colors_info=&#8221;{}&#8221;][\/et_pb_post_slider][\/et_pb_column][et_pb_column type=&#8221;1_2&#8243; _builder_version=&#8221;4.0.5&#8243; global_colors_info=&#8221;{}&#8221;][et_pb_text _builder_version=&#8221;4.5.6&#8243; text_line_height=&#8221;1.5em&#8221; custom_margin=&#8221;60px||||false|false&#8221; global_colors_info=&#8221;{}&#8221;]<\/p>\n<p>Fica aqui o convite para que se junte a n\u00f3s e participe das v\u00e1rias atividades propostas, pois confiamos que, quando cidadania e espiritualidade se encontram, uns cuidando dos outros e todos cuidando da M\u00e3e Terra, em uma rede de amor, f\u00e9 e esperan\u00e7a, poderemos construir um novo mundo, com paz, felicidade e desenvolvimento sustent\u00e1vel para todos os habitantes de nossas comunidades.<\/p>\n<p>[\/et_pb_text][\/et_pb_column][\/et_pb_row][\/et_pb_section]<\/p>\n","protected":false},"excerpt":{"rendered":"<p>Bem-vindo ao Instituto Aldeias! Este \u00e9 um espa\u00e7o de cria\u00e7\u00e3o e inova\u00e7\u00e3o a servi\u00e7o da humanidade, que valoriza, resgata e protege as tradi\u00e7\u00f5es e culturas dos povos origin\u00e1rios e seus saberes ancestrais, promovendo os direitos humanos, da M\u00e3e Terra, dos animais,\u00a0dos quilombolas, dos \u00edndios, das mulheres, dos negros, das minorias LGBTQIA+, das crian\u00e7as, dos jovens, [&hellip;]<\/p>\n","protected":false},"author":1,"featured_media":0,"parent":0,"menu_order":0,"comment_status":"closed","ping_status":"closed","template":"","meta":{"_et_pb_use_builder":"on","_et_pb_old_content":"<!-- wp:paragraph -->\n<p>Esta \u00e9 uma p\u00e1gina de exemplo. \u00c9 diferente de um post no blog porque ela permanecer\u00e1 em um lugar e aparecer\u00e1 na navega\u00e7\u00e3o do seu site na maioria dos temas. Muitas pessoas come\u00e7am com uma p\u00e1gina que as apresenta a poss\u00edveis visitantes do site. Ela pode dizer algo assim:<\/p>\n<!-- \/wp:paragraph -->\n\n<!-- wp:quote -->\n<blockquote class=\"wp-block-quote\"><p>Ol\u00e1! Eu sou um mensageiro de bicicleta durante o dia, ator aspirante \u00e0 noite, e este \u00e9 o meu site. Eu moro em S\u00e3o Paulo, tenho um grande cachorro chamado Rex e gosto de tomar caipirinha (e banhos de chuva).<\/p><\/blockquote>\n<!-- \/wp:quote -->\n\n<!-- wp:paragraph -->\n<p>...ou alguma coisa assim:<\/p>\n<!-- \/wp:paragraph -->\n\n<!-- wp:quote -->\n<blockquote class=\"wp-block-quote\"><p>A Companhia de Miniaturas XYZ foi fundada em 1971, e desde ent\u00e3o tem fornecido miniaturas de qualidade ao p\u00fablico. Localizada na cidade de Itu, a XYZ emprega mais de 2.000 pessoas e faz coisas grandiosas para a comunidade da cidade.<\/p><\/blockquote>\n<!-- \/wp:quote -->\n\n<!-- wp:paragraph -->\n<p>Como um novo usu\u00e1rio do WordPress, voc\u00ea deveria ir ao <a href=\"http:\/\/aldeiasinstitute.net\/2020\/wp-admin\/\">painel<\/a> para excluir essa p\u00e1gina e criar novas p\u00e1ginas para o seu conte\u00fado. Divirta-se!<\/p>\n<!-- \/wp:paragraph -->","_et_gb_content_width":"","footnotes":""},"class_list":["post-2","page","type-page","status-publish","hentry"],"_links":{"self":[{"href":"https:\/\/aldeiasinstitute.net\/2020\/wp-json\/wp\/v2\/pages\/2","targetHints":{"allow":["GET"]}}],"collection":[{"href":"https:\/\/aldeiasinstitute.net\/2020\/wp-json\/wp\/v2\/pages"}],"about":[{"href":"https:\/\/aldeiasinstitute.net\/2020\/wp-json\/wp\/v2\/types\/page"}],"author":[{"embeddable":true,"href":"https:\/\/aldeiasinstitute.net\/2020\/wp-json\/wp\/v2\/users\/1"}],"replies":[{"embeddable":true,"href":"https:\/\/aldeiasinstitute.net\/2020\/wp-json\/wp\/v2\/comments?post=2"}],"version-history":[{"count":0,"href":"https:\/\/aldeiasinstitute.net\/2020\/wp-json\/wp\/v2\/pages\/2\/revisions"}],"wp:attachment":[{"href":"https:\/\/aldeiasinstitute.net\/2020\/wp-json\/wp\/v2\/media?parent=2"}],"curies":[{"name":"wp","href":"https:\/\/api.w.org\/{rel}","templated":true}]}}